{"id":1232,"date":"2025-03-11T19:18:34","date_gmt":"2025-03-11T23:18:34","guid":{"rendered":"https:\/\/miempresatopdigital.online\/invitaciones\/?page_id=1232"},"modified":"2025-03-11T19:24:25","modified_gmt":"2025-03-11T23:24:25","slug":"caratula-demo-silvana-valentina","status":"publish","type":"page","link":"https:\/\/miempresatopdigital.online\/invitaciones\/caratula-demo-silvana-valentina\/","title":{"rendered":"Caratula DEMO Silvana Valentina"},"content":{"rendered":"\t\t<div data-elementor-type=\"wp-page\" data-elementor-id=\"1232\" class=\"elementor elementor-1232\">\n\t\t\t\t\t\t<section class=\"elementor-section elementor-top-section elementor-element elementor-element-b40eb1a elementor-section-boxed elementor-section-height-default elementor-section-height-default\" data-id=\"b40eb1a\" data-element_type=\"section\" data-e-type=\"section\" data-settings=\"{&quot;background_background&quot;:&quot;gradient&quot;,&quot;animation_mobile&quot;:&quot;fadeIn&quot;}\">\n\t\t\t\t\t\t\t<div class=\"elementor-background-overlay\"><\/div>\n\t\t\t\t\t\t\t<div class=\"elementor-container elementor-column-gap-default\">\n\t\t\t\t\t<div class=\"elementor-column elementor-col-100 elementor-top-column elementor-element elementor-element-01c6e5c\" data-id=\"01c6e5c\" data-element_type=\"column\" data-e-type=\"column\">\n\t\t\t<div class=\"elementor-widget-wrap elementor-element-populated\">\n\t\t\t\t\t\t<div class=\"elementor-element elementor-element-a29f2e2 elementor-widget elementor-widget-spacer\" data-id=\"a29f2e2\" data-element_type=\"widget\" data-e-type=\"widget\" data-widget_type=\"spacer.default\">\n\t\t\t\t<div class=\"elementor-widget-container\">\n\t\t\t\t\t\t\t<div class=\"elementor-spacer\">\n\t\t\t<div class=\"elementor-spacer-inner\"><\/div>\n\t\t<\/div>\n\t\t\t\t\t\t<\/div>\n\t\t\t\t<\/div>\n\t\t\t\t<div class=\"elementor-element elementor-element-7483eba e-transform animated-slow elementor-invisible elementor-widget elementor-widget-image\" data-id=\"7483eba\" data-element_type=\"widget\" data-e-type=\"widget\" data-settings=\"{&quot;_animation&quot;:&quot;zoomIn&quot;,&quot;_animation_mobile&quot;:&quot;bounceIn&quot;,&quot;_transform_scale_effect_hover_mobile&quot;:{&quot;unit&quot;:&quot;px&quot;,&quot;size&quot;:1.2,&quot;sizes&quot;:[]},&quot;_transform_scale_effect_hover&quot;:{&quot;unit&quot;:&quot;px&quot;,&quot;size&quot;:&quot;&quot;,&quot;sizes&quot;:[]},&quot;_transform_scale_effect_hover_tablet&quot;:{&quot;unit&quot;:&quot;px&quot;,&quot;size&quot;:&quot;&quot;,&quot;sizes&quot;:[]}}\" data-widget_type=\"image.default\">\n\t\t\t\t<div class=\"elementor-widget-container\">\n\t\t\t\t\t\t\t\t\t\t\t\t\t\t\t\t<a href=\"https:\/\/miempresatopdigital.online\/invitaciones\/invitacion-demo-silvana-camacho\/\">\n\t\t\t\t\t\t\t<img fetchpriority=\"high\" decoding=\"async\" width=\"902\" height=\"702\" src=\"https:\/\/miempresatopdigital.online\/invitaciones\/wp-content\/uploads\/2025\/02\/pngwing.com-2025-02-03T113353.110.png\" class=\"attachment-large size-large wp-image-1191\" alt=\"\" srcset=\"https:\/\/miempresatopdigital.online\/invitaciones\/wp-content\/uploads\/2025\/02\/pngwing.com-2025-02-03T113353.110.png 902w, https:\/\/miempresatopdigital.online\/invitaciones\/wp-content\/uploads\/2025\/02\/pngwing.com-2025-02-03T113353.110-300x233.png 300w, https:\/\/miempresatopdigital.online\/invitaciones\/wp-content\/uploads\/2025\/02\/pngwing.com-2025-02-03T113353.110-768x598.png 768w\" sizes=\"(max-width: 902px) 100vw, 902px\" \/>\t\t\t\t\t\t\t\t<\/a>\n\t\t\t\t\t\t\t\t\t\t\t\t\t\t\t<\/div>\n\t\t\t\t<\/div>\n\t\t\t\t<div class=\"elementor-element elementor-element-de33e61 elementor-view-default elementor-invisible elementor-widget elementor-widget-icon\" data-id=\"de33e61\" data-element_type=\"widget\" data-e-type=\"widget\" data-settings=\"{&quot;_animation&quot;:&quot;slideInUp&quot;}\" data-widget_type=\"icon.default\">\n\t\t\t\t<div class=\"elementor-widget-container\">\n\t\t\t\t\t\t\t<div class=\"elementor-icon-wrapper\">\n\t\t\t<div class=\"elementor-icon\">\n\t\t\t<i aria-hidden=\"true\" class=\"fas fa-arrow-alt-circle-up\"><\/i>\t\t\t<\/div>\n\t\t<\/div>\n\t\t\t\t\t\t<\/div>\n\t\t\t\t<\/div>\n\t\t\t\t<div class=\"elementor-element elementor-element-0dc8e94 elementor-invisible elementor-widget elementor-widget-heading\" data-id=\"0dc8e94\" data-element_type=\"widget\" data-e-type=\"widget\" data-settings=\"{&quot;_animation&quot;:&quot;fadeIn&quot;}\" data-widget_type=\"heading.default\">\n\t\t\t\t<div class=\"elementor-widget-container\">\n\t\t\t\t\t<h3 class=\"elementor-heading-title elementor-size-default\">Click en la Imagen<\/h3>\t\t\t\t<\/div>\n\t\t\t\t<\/div>\n\t\t\t\t<div class=\"elementor-element elementor-element-94b42a8 elementor-widget elementor-widget-spacer\" data-id=\"94b42a8\" data-element_type=\"widget\" data-e-type=\"widget\" data-widget_type=\"spacer.default\">\n\t\t\t\t<div class=\"elementor-widget-container\">\n\t\t\t\t\t\t\t<div class=\"elementor-spacer\">\n\t\t\t<div class=\"elementor-spacer-inner\"><\/div>\n\t\t<\/div>\n\t\t\t\t\t\t<\/div>\n\t\t\t\t<\/div>\n\t\t\t\t\t<\/div>\n\t\t<\/div>\n\t\t\t\t\t<\/div>\n\t\t<\/section>\n\t\t\t\t<\/div>\n\t\t","protected":false},"excerpt":{"rendered":"<p>Click en la Imagen<\/p>\n","protected":false},"author":1,"featured_media":1168,"parent":0,"menu_order":0,"comment_status":"closed","ping_status":"closed","template":"elementor_canvas","meta":{"site-sidebar-layout":"default","site-content-layout":"default","ast-global-header-display":"","ast-main-header-display":"","ast-hfb-above-header-display":"","ast-hfb-below-header-display":"","ast-hfb-mobile-header-display":"","site-post-title":"","ast-breadcrumbs-content":"","ast-featured-img":"","footer-sml-layout":"","theme-transparent-header-meta":"","adv-header-id-meta":"","stick-header-meta":"","header-above-stick-meta":"","header-main-stick-meta":"","header-below-stick-meta":"","footnotes":""},"class_list":["post-1232","page","type-page","status-publish","has-post-thumbnail","hentry"],"yoast_head":"<!-- This site is optimized with the Yoast SEO plugin v27.4 - https:\/\/yoast.com\/product\/yoast-seo-wordpress\/ -->\n<title>Caratula DEMO Silvana Valentina<\/title>\n<meta name=\"description\" content=\"Con la bendici\u00f3n De Dios, y el amor que mis padres me han dado, me siento feliz de llegar a este momento de mi vida, el d\u00eda que dejar\u00e9 atr\u00e1s mi infancia y comenzar\u00e9 un nuevo viaje.\" \/>\n<meta name=\"robots\" content=\"index, follow, max-snippet:-1, max-image-preview:large, max-video-preview:-1\" \/>\n<link rel=\"canonical\" href=\"https:\/\/miempresatopdigital.online\/invitaciones\/caratula-demo-silvana-valentina\/\" \/>\n<meta property=\"og:locale\" content=\"es_ES\" \/>\n<meta property=\"og:type\" content=\"article\" \/>\n<meta property=\"og:title\" content=\"Felicidades Silvana!\" \/>\n<meta property=\"og:description\" content=\"Con la bendici\u00f3n De Dios, y el amor que mis padres me han dado, me siento feliz de llegar a este momento de mi vida, el d\u00eda que dejar\u00e9 atr\u00e1s mi infancia y comenzar\u00e9 un nuevo viaje.\" \/>\n<meta property=\"og:url\" content=\"https:\/\/miempresatopdigital.online\/invitaciones\/caratula-demo-silvana-valentina\/\" \/>\n<meta property=\"og:site_name\" content=\"Invitaciones\" \/>\n<meta property=\"article:modified_time\" content=\"2025-03-11T23:24:25+00:00\" \/>\n<meta property=\"og:image\" content=\"https:\/\/miempresatopdigital.online\/invitaciones\/wp-content\/uploads\/2025\/02\/02-Espejo-Silvana-caratula-copia.jpg\" \/>\n\t<meta property=\"og:image:width\" content=\"720\" \/>\n\t<meta property=\"og:image:height\" content=\"1218\" \/>\n\t<meta property=\"og:image:type\" content=\"image\/jpeg\" \/>\n<meta name=\"twitter:card\" content=\"summary_large_image\" \/>\n<meta name=\"twitter:title\" content=\"Felicidades Silvana!\" \/>\n<meta name=\"twitter:description\" content=\"Con la bendici\u00f3n De Dios, y el amor que mis padres me han dado, me siento feliz de llegar a este momento de mi vida, el d\u00eda que dejar\u00e9 atr\u00e1s mi infancia y comenzar\u00e9 un nuevo viaje.\" \/>\n<meta name=\"twitter:image\" content=\"https:\/\/miempresatopdigital.online\/invitaciones\/wp-content\/uploads\/2025\/02\/02-Espejo-Silvana-caratula-copia.jpg\" \/>\n<meta name=\"twitter:label1\" content=\"Tiempo de lectura\" \/>\n\t<meta name=\"twitter:data1\" content=\"1 minuto\" \/>\n<script type=\"application\/ld+json\" class=\"yoast-schema-graph\">{\"@context\":\"https:\\\/\\\/schema.org\",\"@graph\":[{\"@type\":\"WebPage\",\"@id\":\"https:\\\/\\\/miempresatopdigital.online\\\/invitaciones\\\/caratula-demo-silvana-valentina\\\/\",\"url\":\"https:\\\/\\\/miempresatopdigital.online\\\/invitaciones\\\/caratula-demo-silvana-valentina\\\/\",\"name\":\"Caratula DEMO Silvana Valentina\",\"isPartOf\":{\"@id\":\"https:\\\/\\\/miempresatopdigital.online\\\/invitaciones\\\/#website\"},\"primaryImageOfPage\":{\"@id\":\"https:\\\/\\\/miempresatopdigital.online\\\/invitaciones\\\/caratula-demo-silvana-valentina\\\/#primaryimage\"},\"image\":{\"@id\":\"https:\\\/\\\/miempresatopdigital.online\\\/invitaciones\\\/caratula-demo-silvana-valentina\\\/#primaryimage\"},\"thumbnailUrl\":\"https:\\\/\\\/miempresatopdigital.online\\\/invitaciones\\\/wp-content\\\/uploads\\\/2025\\\/02\\\/02-Espejo-Silvana-caratula-copia.jpg\",\"datePublished\":\"2025-03-11T23:18:34+00:00\",\"dateModified\":\"2025-03-11T23:24:25+00:00\",\"description\":\"Con la bendici\u00f3n De Dios, y el amor que mis padres me han dado, me siento feliz de llegar a este momento de mi vida, el d\u00eda que dejar\u00e9 atr\u00e1s mi infancia y comenzar\u00e9 un nuevo viaje.\",\"breadcrumb\":{\"@id\":\"https:\\\/\\\/miempresatopdigital.online\\\/invitaciones\\\/caratula-demo-silvana-valentina\\\/#breadcrumb\"},\"inLanguage\":\"es\",\"potentialAction\":[{\"@type\":\"ReadAction\",\"target\":[\"https:\\\/\\\/miempresatopdigital.online\\\/invitaciones\\\/caratula-demo-silvana-valentina\\\/\"]}]},{\"@type\":\"ImageObject\",\"inLanguage\":\"es\",\"@id\":\"https:\\\/\\\/miempresatopdigital.online\\\/invitaciones\\\/caratula-demo-silvana-valentina\\\/#primaryimage\",\"url\":\"https:\\\/\\\/miempresatopdigital.online\\\/invitaciones\\\/wp-content\\\/uploads\\\/2025\\\/02\\\/02-Espejo-Silvana-caratula-copia.jpg\",\"contentUrl\":\"https:\\\/\\\/miempresatopdigital.online\\\/invitaciones\\\/wp-content\\\/uploads\\\/2025\\\/02\\\/02-Espejo-Silvana-caratula-copia.jpg\",\"width\":720,\"height\":1218},{\"@type\":\"BreadcrumbList\",\"@id\":\"https:\\\/\\\/miempresatopdigital.online\\\/invitaciones\\\/caratula-demo-silvana-valentina\\\/#breadcrumb\",\"itemListElement\":[{\"@type\":\"ListItem\",\"position\":1,\"name\":\"Home\",\"item\":\"https:\\\/\\\/miempresatopdigital.online\\\/invitaciones\\\/\"},{\"@type\":\"ListItem\",\"position\":2,\"name\":\"Caratula DEMO Silvana Valentina\"}]},{\"@type\":\"WebSite\",\"@id\":\"https:\\\/\\\/miempresatopdigital.online\\\/invitaciones\\\/#website\",\"url\":\"https:\\\/\\\/miempresatopdigital.online\\\/invitaciones\\\/\",\"name\":\"Invitaciones\",\"description\":\"Invitaciones Digitales\",\"publisher\":{\"@id\":\"https:\\\/\\\/miempresatopdigital.online\\\/invitaciones\\\/#organization\"},\"potentialAction\":[{\"@type\":\"SearchAction\",\"target\":{\"@type\":\"EntryPoint\",\"urlTemplate\":\"https:\\\/\\\/miempresatopdigital.online\\\/invitaciones\\\/?s={search_term_string}\"},\"query-input\":{\"@type\":\"PropertyValueSpecification\",\"valueRequired\":true,\"valueName\":\"search_term_string\"}}],\"inLanguage\":\"es\"},{\"@type\":\"Organization\",\"@id\":\"https:\\\/\\\/miempresatopdigital.online\\\/invitaciones\\\/#organization\",\"name\":\"Invitaciones\",\"url\":\"https:\\\/\\\/miempresatopdigital.online\\\/invitaciones\\\/\",\"logo\":{\"@type\":\"ImageObject\",\"inLanguage\":\"es\",\"@id\":\"https:\\\/\\\/miempresatopdigital.online\\\/invitaciones\\\/#\\\/schema\\\/logo\\\/image\\\/\",\"url\":\"https:\\\/\\\/miempresatopdigital.online\\\/invitaciones\\\/wp-content\\\/uploads\\\/2023\\\/06\\\/logo-invitacion.png\",\"contentUrl\":\"https:\\\/\\\/miempresatopdigital.online\\\/invitaciones\\\/wp-content\\\/uploads\\\/2023\\\/06\\\/logo-invitacion.png\",\"width\":567,\"height\":567,\"caption\":\"Invitaciones\"},\"image\":{\"@id\":\"https:\\\/\\\/miempresatopdigital.online\\\/invitaciones\\\/#\\\/schema\\\/logo\\\/image\\\/\"}}]}<\/script>\n<!-- \/ Yoast SEO plugin. -->","yoast_head_json":{"title":"Caratula DEMO Silvana Valentina","description":"Con la bendici\u00f3n De Dios, y el amor que mis padres me han dado, me siento feliz de llegar a este momento de mi vida, el d\u00eda que dejar\u00e9 atr\u00e1s mi infancia y comenzar\u00e9 un nuevo viaje.","robots":{"index":"index","follow":"follow","max-snippet":"max-snippet:-1","max-image-preview":"max-image-preview:large","max-video-preview":"max-video-preview:-1"},"canonical":"https:\/\/miempresatopdigital.online\/invitaciones\/caratula-demo-silvana-valentina\/","og_locale":"es_ES","og_type":"article","og_title":"Felicidades Silvana!","og_description":"Con la bendici\u00f3n De Dios, y el amor que mis padres me han dado, me siento feliz de llegar a este momento de mi vida, el d\u00eda que dejar\u00e9 atr\u00e1s mi infancia y comenzar\u00e9 un nuevo viaje.","og_url":"https:\/\/miempresatopdigital.online\/invitaciones\/caratula-demo-silvana-valentina\/","og_site_name":"Invitaciones","article_modified_time":"2025-03-11T23:24:25+00:00","og_image":[{"width":720,"height":1218,"url":"https:\/\/miempresatopdigital.online\/invitaciones\/wp-content\/uploads\/2025\/02\/02-Espejo-Silvana-caratula-copia.jpg","type":"image\/jpeg"}],"twitter_card":"summary_large_image","twitter_title":"Felicidades Silvana!","twitter_description":"Con la bendici\u00f3n De Dios, y el amor que mis padres me han dado, me siento feliz de llegar a este momento de mi vida, el d\u00eda que dejar\u00e9 atr\u00e1s mi infancia y comenzar\u00e9 un nuevo viaje.","twitter_image":"https:\/\/miempresatopdigital.online\/invitaciones\/wp-content\/uploads\/2025\/02\/02-Espejo-Silvana-caratula-copia.jpg","twitter_misc":{"Tiempo de lectura":"1 minuto"},"schema":{"@context":"https:\/\/schema.org","@graph":[{"@type":"WebPage","@id":"https:\/\/miempresatopdigital.online\/invitaciones\/caratula-demo-silvana-valentina\/","url":"https:\/\/miempresatopdigital.online\/invitaciones\/caratula-demo-silvana-valentina\/","name":"Caratula DEMO Silvana Valentina","isPartOf":{"@id":"https:\/\/miempresatopdigital.online\/invitaciones\/#website"},"primaryImageOfPage":{"@id":"https:\/\/miempresatopdigital.online\/invitaciones\/caratula-demo-silvana-valentina\/#primaryimage"},"image":{"@id":"https:\/\/miempresatopdigital.online\/invitaciones\/caratula-demo-silvana-valentina\/#primaryimage"},"thumbnailUrl":"https:\/\/miempresatopdigital.online\/invitaciones\/wp-content\/uploads\/2025\/02\/02-Espejo-Silvana-caratula-copia.jpg","datePublished":"2025-03-11T23:18:34+00:00","dateModified":"2025-03-11T23:24:25+00:00","description":"Con la bendici\u00f3n De Dios, y el amor que mis padres me han dado, me siento feliz de llegar a este momento de mi vida, el d\u00eda que dejar\u00e9 atr\u00e1s mi infancia y comenzar\u00e9 un nuevo viaje.","breadcrumb":{"@id":"https:\/\/miempresatopdigital.online\/invitaciones\/caratula-demo-silvana-valentina\/#breadcrumb"},"inLanguage":"es","potentialAction":[{"@type":"ReadAction","target":["https:\/\/miempresatopdigital.online\/invitaciones\/caratula-demo-silvana-valentina\/"]}]},{"@type":"ImageObject","inLanguage":"es","@id":"https:\/\/miempresatopdigital.online\/invitaciones\/caratula-demo-silvana-valentina\/#primaryimage","url":"https:\/\/miempresatopdigital.online\/invitaciones\/wp-content\/uploads\/2025\/02\/02-Espejo-Silvana-caratula-copia.jpg","contentUrl":"https:\/\/miempresatopdigital.online\/invitaciones\/wp-content\/uploads\/2025\/02\/02-Espejo-Silvana-caratula-copia.jpg","width":720,"height":1218},{"@type":"BreadcrumbList","@id":"https:\/\/miempresatopdigital.online\/invitaciones\/caratula-demo-silvana-valentina\/#breadcrumb","itemListElement":[{"@type":"ListItem","position":1,"name":"Home","item":"https:\/\/miempresatopdigital.online\/invitaciones\/"},{"@type":"ListItem","position":2,"name":"Caratula DEMO Silvana Valentina"}]},{"@type":"WebSite","@id":"https:\/\/miempresatopdigital.online\/invitaciones\/#website","url":"https:\/\/miempresatopdigital.online\/invitaciones\/","name":"Invitaciones","description":"Invitaciones Digitales","publisher":{"@id":"https:\/\/miempresatopdigital.online\/invitaciones\/#organization"},"potentialAction":[{"@type":"SearchAction","target":{"@type":"EntryPoint","urlTemplate":"https:\/\/miempresatopdigital.online\/invitaciones\/?s={search_term_string}"},"query-input":{"@type":"PropertyValueSpecification","valueRequired":true,"valueName":"search_term_string"}}],"inLanguage":"es"},{"@type":"Organization","@id":"https:\/\/miempresatopdigital.online\/invitaciones\/#organization","name":"Invitaciones","url":"https:\/\/miempresatopdigital.online\/invitaciones\/","logo":{"@type":"ImageObject","inLanguage":"es","@id":"https:\/\/miempresatopdigital.online\/invitaciones\/#\/schema\/logo\/image\/","url":"https:\/\/miempresatopdigital.online\/invitaciones\/wp-content\/uploads\/2023\/06\/logo-invitacion.png","contentUrl":"https:\/\/miempresatopdigital.online\/invitaciones\/wp-content\/uploads\/2023\/06\/logo-invitacion.png","width":567,"height":567,"caption":"Invitaciones"},"image":{"@id":"https:\/\/miempresatopdigital.online\/invitaciones\/#\/schema\/logo\/image\/"}}]}},"_links":{"self":[{"href":"https:\/\/miempresatopdigital.online\/invitaciones\/wp-json\/wp\/v2\/pages\/1232","targetHints":{"allow":["GET"]}}],"collection":[{"href":"https:\/\/miempresatopdigital.online\/invitaciones\/wp-json\/wp\/v2\/pages"}],"about":[{"href":"https:\/\/miempresatopdigital.online\/invitaciones\/wp-json\/wp\/v2\/types\/page"}],"author":[{"embeddable":true,"href":"https:\/\/miempresatopdigital.online\/invitaciones\/wp-json\/wp\/v2\/users\/1"}],"replies":[{"embeddable":true,"href":"https:\/\/miempresatopdigital.online\/invitaciones\/wp-json\/wp\/v2\/comments?post=1232"}],"version-history":[{"count":4,"href":"https:\/\/miempresatopdigital.online\/invitaciones\/wp-json\/wp\/v2\/pages\/1232\/revisions"}],"predecessor-version":[{"id":1238,"href":"https:\/\/miempresatopdigital.online\/invitaciones\/wp-json\/wp\/v2\/pages\/1232\/revisions\/1238"}],"wp:featuredmedia":[{"embeddable":true,"href":"https:\/\/miempresatopdigital.online\/invitaciones\/wp-json\/wp\/v2\/media\/1168"}],"wp:attachment":[{"href":"https:\/\/miempresatopdigital.online\/invitaciones\/wp-json\/wp\/v2\/media?parent=1232"}],"curies":[{"name":"wp","href":"https:\/\/api.w.org\/{rel}","templated":true}]}}